{"id":827,"date":"2021-10-20T13:20:25","date_gmt":"2021-10-20T11:20:25","guid":{"rendered":"https:\/\/www.fresherie-bistro.cz\/?page_id=827"},"modified":"2021-10-27T22:13:10","modified_gmt":"2021-10-27T20:13:10","slug":"we-accept-bitcoin-payments","status":"publish","type":"page","link":"https:\/\/www.fresherie-bistro.cz\/en\/we-accept-bitcoin-payments\/","title":{"rendered":"We accept bitcoin payments"},"content":{"rendered":"<p>Ve Fresherii p\u0159ij\u00edm\u00e1me platby Bitcoinem na Lightning Network. V\u0161e co k tomu pot\u0159ebujete je vyu\u017e\u00edt jednu z pen\u011b\u017eenek, kter\u00e9 platby Bitcoinem na Lightning Network podporuj\u00ed. N\u011bkter\u00e9 z ov\u011b\u0159en\u00fdch pen\u011b\u017eenek naleznete zde <a href=\"https:\/\/www.bleskomat.com\/apps\">https:\/\/www.bleskomat.com\/apps<\/a><\/p>\n<h2><strong>Co je Bitcoin?<\/strong><\/h2>\n<p>Velmi zjednodu\u0161en\u011b \u0159e\u010deno je Bitcoin decentralizovan\u00e1 open source platebn\u00ed peer-to-peer s\u00ed\u0165, kter\u00e1 ke sv\u00e9mu zabezpe\u010den\u00ed vyu\u017e\u00edv\u00e1 kryptografii. Transakce v s\u00edti jsou ov\u011b\u0159ov\u00e1ny takzvan\u00fdmi t\u011b\u017ea\u0159i a seskupov\u00e1ny do blok\u016f, kter\u00e9 na sebe navazuj\u00ed. T\u00edm vznik\u00e1 blockchain, kter\u00fd p\u0159edstavuje defacto otev\u0159enou \u00fa\u010detn\u00ed knihu v\u0161ech transakc\u00ed. T\u011b\u017ea\u0159i jsou motivov\u00e1ni k zapisov\u00e1n\u00ed transakc\u00ed odm\u011bnou, kter\u00e1 je tvo\u0159ena transak\u010dn\u00edmi poplatky a nov\u011b emitovan\u00fdmi bitcoiny. Pr\u00e1vo zapsat transakce z\u00edsk\u00e1 t\u011b\u017ea\u0159, kter\u00fd jako prvn\u00ed vy\u0159e\u0161\u00ed matematickou \u00falohu (uhodne hash bloku). Tento proces se opakuje v pr\u016fm\u011bru ka\u017ed\u00fdch 10 minut. K vy\u0159e\u0161en\u00ed \u00falohy vyu\u017e\u00edvaj\u00ed t\u011b\u017ea\u0159i v\u00fdpo\u010detn\u00ed v\u00fdkon a t\u00edm spot\u0159ebov\u00e1vaj\u00ed energii co\u017e zaji\u0161\u0165uje s\u00edti bezpe\u010dnost. S\u00ed\u0165 je navr\u017eena tak, aby ji nemohl nikdo ovlivnit \u2013 vl\u00e1dy, centr\u00e1ln\u00ed banky, jednotlivci. Proto b\u00fdv\u00e1 Bitcoin tak\u00e9 ozna\u010dov\u00e1n jako nest\u00e1tn\u00ed pen\u00edze. P\u0159\u00edsun nov\u011b emitovan\u00fdch bitcoin\u016f do s\u00edt\u011b se neust\u00e1le sni\u017euje a jeho fin\u00e1ln\u00ed mno\u017estv\u00ed bude 21 milion\u016f.<\/p>\n<h2><strong>Co je Lightning Network a co \u0159e\u0161\u00ed?<\/strong><\/h2>\n<p>Lightning Network (LN) je druh\u00e1 vrstva bitcoinov\u00e9 s\u00edt\u011b, kter\u00e1 umo\u017e\u0148uje vyu\u017e\u00edvat Bitcoin efektivn\u011b a levn\u011b ke ka\u017edodenn\u00edmu placen\u00ed. My\u0161lenkou je, \u017ee nen\u00ed pot\u0159eba zapisovat ka\u017edou transakci na blockchain, ale v\u011bt\u0161ina b\u011b\u017en\u00fdch transakc\u00ed m\u016f\u017ee prob\u00edhat na druh\u00e9 vrstv\u011b. Na blockchain se pak jen jednou za \u010das zap\u00ed\u0161e nov\u00fd stav \u00fa\u010dtu a blockchain tak p\u016fsob\u00ed jako tzv. kone\u010dn\u00fd soudce. D\u00edky tomu jsou transakce bitcoinem na Lightning Network velmi rychl\u00e9 (transakce zabere p\u00e1r vte\u0159in) a levn\u00e9 (n\u00e1klad na b\u011b\u017enou transakci je v \u0159\u00e1dech hal\u00ed\u0159\u016f). Dnes u\u017e existuje \u0159ada softwarov\u00fdch LN pen\u011b\u017eenek, kter\u00e9 je mo\u017en\u00e9 si st\u00e1hnout do mobilu a prov\u00e1d\u011bt jednodu\u0161e platby, ani\u017e by musel u\u017eivatel rozum\u011bt tomu jak s\u00ed\u0165 technicky funguje.<\/p>\n<h2><strong>Pro\u010d p\u0159ij\u00edm\u00e1me Bitcoin?<\/strong><\/h2>\n<p>Jsme liber\u00e1ln\u011b sm\u00fd\u0161lej\u00edc\u00ed svobodomysln\u00ed lid\u00e9 a v\u011b\u0159\u00edme, \u017ee si spole\u010dnost zaslou\u017e\u00ed pen\u00edze, kter\u00e9 nebudou z\u00e1visl\u00e9 na st\u00e1tech a centr\u00e1ln\u00edch bank\u00e1ch, instituc\u00edch, kter\u00e9 pen\u00edze svou fisk\u00e1ln\u00ed a monet\u00e1rn\u00ed politikou soustavn\u011b znehodnocuj\u00ed. Takov\u00fdmi bezpe\u010dn\u00fdmi pen\u011bzi je pro n\u00e1s bitcoin a proto jsme se rozhodli jeho adopci podpo\u0159it.<\/p>\n<h2><strong>Chcete se dozv\u011bd\u011bt o Bitcoinu v\u00edce?<\/strong><\/h2>\n<h3>Doporu\u010dujeme n\u00e1sleduj\u00edc\u00ed zdroje<\/h3>\n<h4 style=\"text-align: center;\"><span style=\"font-size: 18pt;\">Videa<\/span><\/h4>\n<p style=\"text-align: center;\"><a href=\"http:\/\/www.uvoddobtc.cz\">www.uvoddobtc.cz<\/a><\/p>\n<p style=\"text-align: center;\"><a href=\"https:\/\/stackuj.cz\/nestatnipenize.html\">Bitcoin &#8211; nest\u00e1tn\u00ed pen\u00edze<\/a><\/p>\n<p>&nbsp;<\/p>\n<h4 style=\"text-align: center;\"><span style=\"font-size: 18pt;\">Podcasty<\/span><\/h4>\n<p style=\"text-align: center;\"><a href=\"https:\/\/stackuj.cz\/podcasty.html\">https:\/\/stackuj.cz<\/a><\/p>\n<p style=\"text-align: center;\"><a href=\"https:\/\/kryptokec.libsyn.com\/\">https:\/\/kryptokec.libsyn.com\/<\/a><\/p>\n<p>&nbsp;<\/p>\n<h4 style=\"text-align: center;\"><span style=\"font-size: 18pt;\">Knihy<\/span><\/h4>\n<p style=\"text-align: center;\"><strong>Odluka pen\u011bz od st\u00e1tu<\/strong><br \/>\n<em>ke sta\u017een\u00ed: <a href=\"https:\/\/braiins.com\/blog\/odluka-penez-od-statu-kniha-josef-tetek\">https:\/\/braiins.com\/blog\/odluka-penez-od-statu-kniha-josef-tetek<\/a><\/em><\/p>\n<p style=\"text-align: center;\"><strong>Vyn\u00e1lez jm\u00e9nem Bitcoin<\/strong><br \/>\n<em>ke sta\u017een\u00ed: <a href=\"https:\/\/braiins.com\/blog\/vynalez-jmenem-bitcoin\">https:\/\/braiins.com\/blog\/vynalez-jmenem-bitcoin<\/a><\/em><\/p>\n<p style=\"text-align: center;\"><strong>D\u011btsk\u00e1 kniha Bitcoinov\u00e9 pen\u00edze<\/strong><br \/>\n<em>ke sta\u017een\u00ed: <a href=\"https:\/\/braiins.com\/blog\/bitcoinove-penize\">https:\/\/braiins.com\/blog\/bitcoinove-penize<\/a><\/em><\/p>\n<p>&nbsp;<\/p>\n","protected":false},"excerpt":{"rendered":"<p>Ve Fresherii p\u0159ij\u00edm\u00e1me platby Bitcoinem na Lightning Network. V\u0161e co k tomu pot\u0159ebujete je vyu\u017e\u00edt jednu z pen\u011b\u017eenek, kter\u00e9 platby Bitcoinem na Lightning Network podporuj\u00ed. N\u011bkter\u00e9 z ov\u011b\u0159en\u00fdch pen\u011b\u017eenek naleznete zde https:\/\/www.bleskomat.com\/apps Co je Bitcoin? Velmi zjednodu\u0161en\u011b \u0159e\u010deno je Bitcoin decentralizovan\u00e1 open source platebn\u00ed peer-to-peer s\u00ed\u0165, kter\u00e1 ke sv\u00e9mu zabezpe\u010den\u00ed vyu\u017e\u00edv\u00e1 kryptografii. Transakce v s\u00edti [&hellip;]<\/p>\n","protected":false},"author":2,"featured_media":0,"parent":0,"menu_order":0,"comment_status":"closed","ping_status":"closed","template":"","meta":{"footnotes":""},"class_list":["post-827","page","type-page","status-publish","hentry"],"yoast_head":"<!-- This site is optimized with the Yoast SEO plugin v23.3 - https:\/\/yoast.com\/wordpress\/plugins\/seo\/ -->\n<title>We accept bitcoin payments - Fresherie Bistro<\/title>\n<meta name=\"robots\" content=\"index, follow, max-snippet:-1, max-image-preview:large, max-video-preview:-1\" \/>\n<link rel=\"canonical\" href=\"https:\/\/www.fresherie-bistro.cz\/en\/we-accept-bitcoin-payments\/\" \/>\n<meta property=\"og:locale\" content=\"en_US\" \/>\n<meta property=\"og:type\" content=\"article\" \/>\n<meta property=\"og:title\" content=\"We accept bitcoin payments - Fresherie Bistro\" \/>\n<meta property=\"og:description\" content=\"Ve Fresherii p\u0159ij\u00edm\u00e1me platby Bitcoinem na Lightning Network. V\u0161e co k tomu pot\u0159ebujete je vyu\u017e\u00edt jednu z pen\u011b\u017eenek, kter\u00e9 platby Bitcoinem na Lightning Network podporuj\u00ed. N\u011bkter\u00e9 z ov\u011b\u0159en\u00fdch pen\u011b\u017eenek naleznete zde https:\/\/www.bleskomat.com\/apps Co je Bitcoin? Velmi zjednodu\u0161en\u011b \u0159e\u010deno je Bitcoin decentralizovan\u00e1 open source platebn\u00ed peer-to-peer s\u00ed\u0165, kter\u00e1 ke sv\u00e9mu zabezpe\u010den\u00ed vyu\u017e\u00edv\u00e1 kryptografii. Transakce v s\u00edti [&hellip;]\" \/>\n<meta property=\"og:url\" content=\"https:\/\/www.fresherie-bistro.cz\/en\/we-accept-bitcoin-payments\/\" \/>\n<meta property=\"og:site_name\" content=\"Fresherie Bistro\" \/>\n<meta property=\"article:modified_time\" content=\"2021-10-27T20:13:10+00:00\" \/>\n<meta name=\"twitter:card\" content=\"summary_large_image\" \/>\n<meta name=\"twitter:label1\" content=\"Est. reading time\" \/>\n\t<meta name=\"twitter:data1\" content=\"3 minutes\" \/>\n<script type=\"application\/ld+json\" class=\"yoast-schema-graph\">{\"@context\":\"https:\/\/schema.org\",\"@graph\":[{\"@type\":\"WebPage\",\"@id\":\"https:\/\/www.fresherie-bistro.cz\/en\/we-accept-bitcoin-payments\/\",\"url\":\"https:\/\/www.fresherie-bistro.cz\/en\/we-accept-bitcoin-payments\/\",\"name\":\"We accept bitcoin payments - Fresherie Bistro\",\"isPartOf\":{\"@id\":\"https:\/\/www.fresherie-bistro.cz\/#website\"},\"datePublished\":\"2021-10-20T11:20:25+00:00\",\"dateModified\":\"2021-10-27T20:13:10+00:00\",\"breadcrumb\":{\"@id\":\"https:\/\/www.fresherie-bistro.cz\/en\/we-accept-bitcoin-payments\/#breadcrumb\"},\"inLanguage\":\"en-US\",\"potentialAction\":[{\"@type\":\"ReadAction\",\"target\":[\"https:\/\/www.fresherie-bistro.cz\/en\/we-accept-bitcoin-payments\/\"]}]},{\"@type\":\"BreadcrumbList\",\"@id\":\"https:\/\/www.fresherie-bistro.cz\/en\/we-accept-bitcoin-payments\/#breadcrumb\",\"itemListElement\":[{\"@type\":\"ListItem\",\"position\":1,\"name\":\"Dom\u016f\",\"item\":\"https:\/\/www.fresherie-bistro.cz\/\"},{\"@type\":\"ListItem\",\"position\":2,\"name\":\"We accept bitcoin payments\"}]},{\"@type\":\"WebSite\",\"@id\":\"https:\/\/www.fresherie-bistro.cz\/#website\",\"url\":\"https:\/\/www.fresherie-bistro.cz\/\",\"name\":\"Fresherie Bistro\",\"description\":\"\",\"potentialAction\":[{\"@type\":\"SearchAction\",\"target\":{\"@type\":\"EntryPoint\",\"urlTemplate\":\"https:\/\/www.fresherie-bistro.cz\/?s={search_term_string}\"},\"query-input\":\"required name=search_term_string\"}],\"inLanguage\":\"en-US\"}]}<\/script>\n<!-- \/ Yoast SEO plugin. -->","yoast_head_json":{"title":"We accept bitcoin payments - Fresherie Bistro","robots":{"index":"index","follow":"follow","max-snippet":"max-snippet:-1","max-image-preview":"max-image-preview:large","max-video-preview":"max-video-preview:-1"},"canonical":"https:\/\/www.fresherie-bistro.cz\/en\/we-accept-bitcoin-payments\/","og_locale":"en_US","og_type":"article","og_title":"We accept bitcoin payments - Fresherie Bistro","og_description":"Ve Fresherii p\u0159ij\u00edm\u00e1me platby Bitcoinem na Lightning Network. V\u0161e co k tomu pot\u0159ebujete je vyu\u017e\u00edt jednu z pen\u011b\u017eenek, kter\u00e9 platby Bitcoinem na Lightning Network podporuj\u00ed. N\u011bkter\u00e9 z ov\u011b\u0159en\u00fdch pen\u011b\u017eenek naleznete zde https:\/\/www.bleskomat.com\/apps Co je Bitcoin? Velmi zjednodu\u0161en\u011b \u0159e\u010deno je Bitcoin decentralizovan\u00e1 open source platebn\u00ed peer-to-peer s\u00ed\u0165, kter\u00e1 ke sv\u00e9mu zabezpe\u010den\u00ed vyu\u017e\u00edv\u00e1 kryptografii. Transakce v s\u00edti [&hellip;]","og_url":"https:\/\/www.fresherie-bistro.cz\/en\/we-accept-bitcoin-payments\/","og_site_name":"Fresherie Bistro","article_modified_time":"2021-10-27T20:13:10+00:00","twitter_card":"summary_large_image","twitter_misc":{"Est. reading time":"3 minutes"},"schema":{"@context":"https:\/\/schema.org","@graph":[{"@type":"WebPage","@id":"https:\/\/www.fresherie-bistro.cz\/en\/we-accept-bitcoin-payments\/","url":"https:\/\/www.fresherie-bistro.cz\/en\/we-accept-bitcoin-payments\/","name":"We accept bitcoin payments - Fresherie Bistro","isPartOf":{"@id":"https:\/\/www.fresherie-bistro.cz\/#website"},"datePublished":"2021-10-20T11:20:25+00:00","dateModified":"2021-10-27T20:13:10+00:00","breadcrumb":{"@id":"https:\/\/www.fresherie-bistro.cz\/en\/we-accept-bitcoin-payments\/#breadcrumb"},"inLanguage":"en-US","potentialAction":[{"@type":"ReadAction","target":["https:\/\/www.fresherie-bistro.cz\/en\/we-accept-bitcoin-payments\/"]}]},{"@type":"BreadcrumbList","@id":"https:\/\/www.fresherie-bistro.cz\/en\/we-accept-bitcoin-payments\/#breadcrumb","itemListElement":[{"@type":"ListItem","position":1,"name":"Dom\u016f","item":"https:\/\/www.fresherie-bistro.cz\/"},{"@type":"ListItem","position":2,"name":"We accept bitcoin payments"}]},{"@type":"WebSite","@id":"https:\/\/www.fresherie-bistro.cz\/#website","url":"https:\/\/www.fresherie-bistro.cz\/","name":"Fresherie Bistro","description":"","potentialAction":[{"@type":"SearchAction","target":{"@type":"EntryPoint","urlTemplate":"https:\/\/www.fresherie-bistro.cz\/?s={search_term_string}"},"query-input":"required name=search_term_string"}],"inLanguage":"en-US"}]}},"_links":{"self":[{"href":"https:\/\/www.fresherie-bistro.cz\/en\/wp-json\/wp\/v2\/pages\/827"}],"collection":[{"href":"https:\/\/www.fresherie-bistro.cz\/en\/wp-json\/wp\/v2\/pages"}],"about":[{"href":"https:\/\/www.fresherie-bistro.cz\/en\/wp-json\/wp\/v2\/types\/page"}],"author":[{"embeddable":true,"href":"https:\/\/www.fresherie-bistro.cz\/en\/wp-json\/wp\/v2\/users\/2"}],"replies":[{"embeddable":true,"href":"https:\/\/www.fresherie-bistro.cz\/en\/wp-json\/wp\/v2\/comments?post=827"}],"version-history":[{"count":2,"href":"https:\/\/www.fresherie-bistro.cz\/en\/wp-json\/wp\/v2\/pages\/827\/revisions"}],"predecessor-version":[{"id":830,"href":"https:\/\/www.fresherie-bistro.cz\/en\/wp-json\/wp\/v2\/pages\/827\/revisions\/830"}],"wp:attachment":[{"href":"https:\/\/www.fresherie-bistro.cz\/en\/wp-json\/wp\/v2\/media?parent=827"}],"curies":[{"name":"wp","href":"https:\/\/api.w.org\/{rel}","templated":true}]}}